{"id":1084,"date":"2021-03-15T16:33:53","date_gmt":"2021-03-15T16:33:53","guid":{"rendered":"https:\/\/torradellabotonta.cambiamarketing.it\/?page_id=1084"},"modified":"2026-05-08T16:02:39","modified_gmt":"2026-05-08T16:02:39","slug":"lucujtuiu","status":"publish","type":"page","link":"https:\/\/torredellabotonta.it\/de\/lucujtuiu\/","title":{"rendered":"Lucujtuiu"},"content":{"rendered":"<div data-elementor-type=\"wp-page\" data-elementor-id=\"1084\" class=\"elementor elementor-1084\" data-elementor-post-type=\"page\">\n\t\t\t\t\t\t<section class=\"elementor-section elementor-top-section elementor-element elementor-element-925c3b0 elementor-section-full_width elementor-section-height-min-height elementor-section-height-default elementor-section-items-middle\" data-id=\"925c3b0\" data-element_type=\"section\" data-e-type=\"section\" data-settings=\"{&quot;background_background&quot;:&quot;classic&quot;}\">\n\t\t\t\t\t\t\t<div class=\"elementor-background-overlay\"><\/div>\n\t\t\t\t\t\t\t<div class=\"elementor-container elementor-column-gap-default\">\n\t\t\t\t\t<div class=\"elementor-column elementor-col-100 elementor-top-column elementor-element elementor-element-1df9478\" data-id=\"1df9478\" data-element_type=\"column\" data-e-type=\"column\">\n\t\t\t<div class=\"elementor-widget-wrap elementor-element-populated\">\n\t\t\t\t\t\t<div class=\"elementor-element elementor-element-ca4dda8 elementor-widget elementor-widget-heading\" data-id=\"ca4dda8\" data-element_type=\"widget\" data-e-type=\"widget\" data-widget_type=\"heading.default\">\n\t\t\t\t<div class=\"elementor-widget-container\">\n\t\t\t\t\t<h2 class=\"elementor-heading-title elementor-size-default\">Lu Cujtuiu<\/h2>\t\t\t\t<\/div>\n\t\t\t\t<\/div>\n\t\t\t\t<div class=\"elementor-element elementor-element-3a99b1d elementor-widget elementor-widget-heading\" data-id=\"3a99b1d\" data-element_type=\"widget\" data-e-type=\"widget\" data-widget_type=\"heading.default\">\n\t\t\t\t<div class=\"elementor-widget-container\">\n\t\t\t\t\t<h2 class=\"elementor-heading-title elementor-size-default\">SALA COLAZIONI<\/h2>\t\t\t\t<\/div>\n\t\t\t\t<\/div>\n\t\t\t\t\t<\/div>\n\t\t<\/div>\n\t\t\t\t\t<\/div>\n\t\t<\/section>\n\t\t\t\t<section class=\"elementor-section elementor-top-section elementor-element elementor-element-bf5b94c elementor-section-boxed elementor-section-height-default elementor-section-height-default\" data-id=\"bf5b94c\" data-element_type=\"section\" data-e-type=\"section\" data-settings=\"{&quot;animation&quot;:&quot;none&quot;}\">\n\t\t\t\t\t\t<div class=\"elementor-container elementor-column-gap-default\">\n\t\t\t\t\t<div class=\"elementor-column elementor-col-100 elementor-top-column elementor-element elementor-element-1c06a78\" data-id=\"1c06a78\" data-element_type=\"column\" data-e-type=\"column\" data-settings=\"{&quot;animation&quot;:&quot;none&quot;}\">\n\t\t\t<div class=\"elementor-widget-wrap elementor-element-populated\">\n\t\t\t\t\t\t<div class=\"elementor-element elementor-element-ea0530c elementor-widget elementor-widget-heading\" data-id=\"ea0530c\" data-element_type=\"widget\" data-e-type=\"widget\" data-settings=\"{&quot;_animation&quot;:&quot;none&quot;}\" data-widget_type=\"heading.default\">\n\t\t\t\t<div class=\"elementor-widget-container\">\n\t\t\t\t\t<h2 class=\"elementor-heading-title elementor-size-default\">Fr\u00fchst\u00fcck<\/h2>\t\t\t\t<\/div>\n\t\t\t\t<\/div>\n\t\t\t\t<div class=\"elementor-element elementor-element-cb45c67 elementor-widget elementor-widget-heading\" data-id=\"cb45c67\" data-element_type=\"widget\" data-e-type=\"widget\" data-widget_type=\"heading.default\">\n\t\t\t\t<div class=\"elementor-widget-container\">\n\t\t\t\t\t<h2 class=\"elementor-heading-title elementor-size-default\">IN DER BURG<\/h2>\t\t\t\t<\/div>\n\t\t\t\t<\/div>\n\t\t\t\t<div class=\"elementor-element elementor-element-8bdbca9 elementor-widget elementor-widget-text-editor\" data-id=\"8bdbca9\" data-element_type=\"widget\" data-e-type=\"widget\" data-widget_type=\"text-editor.default\">\n\t\t\t\t<div class=\"elementor-widget-container\">\n\t\t\t\t\t\t\t\t\t<p>La colazione viene servita nel Lu Cujtuiu \u00e8 una suggestiva zona\u00a0 del borgo avvolta in un\u2019atmosfera confortevole ed intima in cui gustare una ricca e genuina colazione all\u2019italiana.<\/p><p>Zum Fr\u00fchst\u00fcck wird ein Obstbuffet serviert; wer traditionelle umbrische Produkte probieren m\u00f6chte, kann je nach Jahreszeit Wurst- und K\u00e4sesorten sowie hausgemachte Kuchen mit Null-Kilometer-Produkten genie\u00dfen.<\/p>\t\t\t\t\t\t\t\t<\/div>\n\t\t\t\t<\/div>\n\t\t\t\t\t<\/div>\n\t\t<\/div>\n\t\t\t\t\t<\/div>\n\t\t<\/section>\n\t\t\t\t<section class=\"elementor-section elementor-top-section elementor-element elementor-element-7f9e995 elementor-section-boxed elementor-section-height-default elementor-section-height-default\" data-id=\"7f9e995\" data-element_type=\"section\" data-e-type=\"section\">\n\t\t\t\t\t\t<div class=\"elementor-container elementor-column-gap-default\">\n\t\t\t\t\t<div class=\"elementor-column elementor-col-100 elementor-top-column elementor-element elementor-element-db5ede5\" data-id=\"db5ede5\" data-element_type=\"column\" data-e-type=\"column\">\n\t\t\t<div class=\"elementor-widget-wrap elementor-element-populated\">\n\t\t\t\t\t\t<div class=\"elementor-element elementor-element-994bf47 elementor-widget elementor-widget-gallery\" data-id=\"994bf47\" data-element_type=\"widget\" data-e-type=\"widget\" data-settings=\"{&quot;gallery_layout&quot;:&quot;justified&quot;,&quot;ideal_row_height&quot;:{&quot;unit&quot;:&quot;px&quot;,&quot;size&quot;:312,&quot;sizes&quot;:[]},&quot;lazyload&quot;:&quot;yes&quot;,&quot;ideal_row_height_tablet&quot;:{&quot;unit&quot;:&quot;px&quot;,&quot;size&quot;:150,&quot;sizes&quot;:[]},&quot;ideal_row_height_mobile&quot;:{&quot;unit&quot;:&quot;px&quot;,&quot;size&quot;:150,&quot;sizes&quot;:[]},&quot;gap&quot;:{&quot;unit&quot;:&quot;px&quot;,&quot;size&quot;:10,&quot;sizes&quot;:[]},&quot;gap_tablet&quot;:{&quot;unit&quot;:&quot;px&quot;,&quot;size&quot;:10,&quot;sizes&quot;:[]},&quot;gap_mobile&quot;:{&quot;unit&quot;:&quot;px&quot;,&quot;size&quot;:10,&quot;sizes&quot;:[]},&quot;link_to&quot;:&quot;file&quot;,&quot;overlay_background&quot;:&quot;yes&quot;,&quot;content_hover_animation&quot;:&quot;fade-in&quot;}\" data-widget_type=\"gallery.default\">\n\t\t\t\t<div class=\"elementor-widget-container\">\n\t\t\t\t\t\t\t<div class=\"elementor-gallery__container\">\n\t\t\t\t\t\t\t<a class=\"e-gallery-item elementor-gallery-item elementor-animated-content\" href=\"https:\/\/torredellabotonta.it\/wp-content\/uploads\/2022\/11\/torre_della_botonta-7.jpg\" data-elementor-open-lightbox=\"yes\" data-elementor-lightbox-slideshow=\"994bf47\" data-elementor-lightbox-title=\"Colazione\" data-e-action-hash=\"#elementor-action%3Aaction%3Dlightbox%26settings%3DeyJpZCI6NzY0MywidXJsIjoiaHR0cHM6XC9cL3RvcnJlZGVsbGFib3RvbnRhLml0XC93cC1jb250ZW50XC91cGxvYWRzXC8yMDIyXC8xMVwvdG9ycmVfZGVsbGFfYm90b250YS03LmpwZyIsInNsaWRlc2hvdyI6Ijk5NGJmNDcifQ%3D%3D\">\n\t\t\t\t\t<div class=\"e-gallery-image elementor-gallery-item__image\" data-thumbnail=\"https:\/\/torredellabotonta.it\/wp-content\/uploads\/2022\/11\/torre_della_botonta-7.jpg\" data-width=\"1224\" data-height=\"816\" aria-label=\"\" role=\"img\" ><\/div>\n\t\t\t\t\t\t\t\t\t\t\t<div class=\"elementor-gallery-item__overlay\"><\/div>\n\t\t\t\t\t\t\t\t\t\t\t\t\t\t<\/a>\n\t\t\t\t\t\t\t<a class=\"e-gallery-item elementor-gallery-item elementor-animated-content\" href=\"https:\/\/torredellabotonta.it\/wp-content\/uploads\/2022\/11\/torre_della_botonta-6.jpg\" data-elementor-open-lightbox=\"yes\" data-elementor-lightbox-slideshow=\"994bf47\" data-elementor-lightbox-title=\"Colazione\" data-e-action-hash=\"#elementor-action%3Aaction%3Dlightbox%26settings%3DeyJpZCI6NzY0MiwidXJsIjoiaHR0cHM6XC9cL3RvcnJlZGVsbGFib3RvbnRhLml0XC93cC1jb250ZW50XC91cGxvYWRzXC8yMDIyXC8xMVwvdG9ycmVfZGVsbGFfYm90b250YS02LmpwZyIsInNsaWRlc2hvdyI6Ijk5NGJmNDcifQ%3D%3D\">\n\t\t\t\t\t<div class=\"e-gallery-image elementor-gallery-item__image\" data-thumbnail=\"https:\/\/torredellabotonta.it\/wp-content\/uploads\/2022\/11\/torre_della_botonta-6.jpg\" data-width=\"1333\" data-height=\"750\" aria-label=\"\" role=\"img\" ><\/div>\n\t\t\t\t\t\t\t\t\t\t\t<div class=\"elementor-gallery-item__overlay\"><\/div>\n\t\t\t\t\t\t\t\t\t\t\t\t\t\t<\/a>\n\t\t\t\t\t\t\t<a class=\"e-gallery-item elementor-gallery-item elementor-animated-content\" href=\"https:\/\/torredellabotonta.it\/wp-content\/uploads\/2022\/10\/Sala_Colazione-1.jpg\" data-elementor-open-lightbox=\"yes\" data-elementor-lightbox-slideshow=\"994bf47\" data-elementor-lightbox-title=\"Colazione\" data-e-action-hash=\"#elementor-action%3Aaction%3Dlightbox%26settings%3DeyJpZCI6NzU1NCwidXJsIjoiaHR0cHM6XC9cL3RvcnJlZGVsbGFib3RvbnRhLml0XC93cC1jb250ZW50XC91cGxvYWRzXC8yMDIyXC8xMFwvU2FsYV9Db2xhemlvbmUtMS5qcGciLCJzbGlkZXNob3ciOiI5OTRiZjQ3In0%3D\">\n\t\t\t\t\t<div class=\"e-gallery-image elementor-gallery-item__image\" data-thumbnail=\"https:\/\/torredellabotonta.it\/wp-content\/uploads\/2022\/10\/Sala_Colazione-1.jpg\" data-width=\"1920\" data-height=\"1278\" aria-label=\"\" role=\"img\" ><\/div>\n\t\t\t\t\t\t\t\t\t\t\t<div class=\"elementor-gallery-item__overlay\"><\/div>\n\t\t\t\t\t\t\t\t\t\t\t\t\t\t<\/a>\n\t\t\t\t\t\t\t<a class=\"e-gallery-item elementor-gallery-item elementor-animated-content\" href=\"https:\/\/torredellabotonta.it\/wp-content\/uploads\/2022\/11\/torre_della_botonta-4.jpg\" data-elementor-open-lightbox=\"yes\" data-elementor-lightbox-slideshow=\"994bf47\" data-elementor-lightbox-title=\"Colazione\" data-e-action-hash=\"#elementor-action%3Aaction%3Dlightbox%26settings%3DeyJpZCI6NzYzOSwidXJsIjoiaHR0cHM6XC9cL3RvcnJlZGVsbGFib3RvbnRhLml0XC93cC1jb250ZW50XC91cGxvYWRzXC8yMDIyXC8xMVwvdG9ycmVfZGVsbGFfYm90b250YS00LmpwZyIsInNsaWRlc2hvdyI6Ijk5NGJmNDcifQ%3D%3D\">\n\t\t\t\t\t<div class=\"e-gallery-image elementor-gallery-item__image\" data-thumbnail=\"https:\/\/torredellabotonta.it\/wp-content\/uploads\/2022\/11\/torre_della_botonta-4.jpg\" data-width=\"1225\" data-height=\"815\" aria-label=\"\" role=\"img\" ><\/div>\n\t\t\t\t\t\t\t\t\t\t\t<div class=\"elementor-gallery-item__overlay\"><\/div>\n\t\t\t\t\t\t\t\t\t\t\t\t\t\t<\/a>\n\t\t\t\t\t\t\t<a class=\"e-gallery-item elementor-gallery-item elementor-animated-content\" href=\"https:\/\/torredellabotonta.it\/wp-content\/uploads\/2022\/10\/Sala_Colazione-3.jpg\" data-elementor-open-lightbox=\"yes\" data-elementor-lightbox-slideshow=\"994bf47\" data-elementor-lightbox-title=\"Colazione\" data-e-action-hash=\"#elementor-action%3Aaction%3Dlightbox%26settings%3DeyJpZCI6NzU1NSwidXJsIjoiaHR0cHM6XC9cL3RvcnJlZGVsbGFib3RvbnRhLml0XC93cC1jb250ZW50XC91cGxvYWRzXC8yMDIyXC8xMFwvU2FsYV9Db2xhemlvbmUtMy5qcGciLCJzbGlkZXNob3ciOiI5OTRiZjQ3In0%3D\">\n\t\t\t\t\t<div class=\"e-gallery-image elementor-gallery-item__image\" data-thumbnail=\"https:\/\/torredellabotonta.it\/wp-content\/uploads\/2022\/10\/Sala_Colazione-3.jpg\" data-width=\"1920\" data-height=\"1278\" aria-label=\"\" role=\"img\" ><\/div>\n\t\t\t\t\t\t\t\t\t\t\t<div class=\"elementor-gallery-item__overlay\"><\/div>\n\t\t\t\t\t\t\t\t\t\t\t\t\t\t<\/a>\n\t\t\t\t\t\t\t<a class=\"e-gallery-item elementor-gallery-item elementor-animated-content\" href=\"https:\/\/torredellabotonta.it\/wp-content\/uploads\/2022\/02\/TavoloTorreBotonta.jpeg\" data-elementor-open-lightbox=\"yes\" data-elementor-lightbox-slideshow=\"994bf47\" data-elementor-lightbox-title=\"Colazione\" data-e-action-hash=\"#elementor-action%3Aaction%3Dlightbox%26settings%3DeyJpZCI6NjU1MywidXJsIjoiaHR0cHM6XC9cL3RvcnJlZGVsbGFib3RvbnRhLml0XC93cC1jb250ZW50XC91cGxvYWRzXC8yMDIyXC8wMlwvVGF2b2xvVG9ycmVCb3RvbnRhLmpwZWciLCJzbGlkZXNob3ciOiI5OTRiZjQ3In0%3D\">\n\t\t\t\t\t<div class=\"e-gallery-image elementor-gallery-item__image\" data-thumbnail=\"https:\/\/torredellabotonta.it\/wp-content\/uploads\/2022\/02\/TavoloTorreBotonta.jpeg\" data-width=\"1500\" data-height=\"2000\" aria-label=\"\" role=\"img\" ><\/div>\n\t\t\t\t\t\t\t\t\t\t\t<div class=\"elementor-gallery-item__overlay\"><\/div>\n\t\t\t\t\t\t\t\t\t\t\t\t\t\t<\/a>\n\t\t\t\t\t\t\t<a class=\"e-gallery-item elementor-gallery-item elementor-animated-content\" href=\"https:\/\/torredellabotonta.it\/wp-content\/uploads\/2022\/11\/torre_della_botonta-181-scaled.jpg\" data-elementor-open-lightbox=\"yes\" data-elementor-lightbox-slideshow=\"994bf47\" data-elementor-lightbox-title=\"Colazione\" data-e-action-hash=\"#elementor-action%3Aaction%3Dlightbox%26settings%3DeyJpZCI6NzY0NiwidXJsIjoiaHR0cHM6XC9cL3RvcnJlZGVsbGFib3RvbnRhLml0XC93cC1jb250ZW50XC91cGxvYWRzXC8yMDIyXC8xMVwvdG9ycmVfZGVsbGFfYm90b250YS0xODEtc2NhbGVkLmpwZyIsInNsaWRlc2hvdyI6Ijk5NGJmNDcifQ%3D%3D\">\n\t\t\t\t\t<div class=\"e-gallery-image elementor-gallery-item__image\" data-thumbnail=\"https:\/\/torredellabotonta.it\/wp-content\/uploads\/2022\/11\/torre_della_botonta-181-scaled.jpg\" data-width=\"2560\" data-height=\"1704\" aria-label=\"\" role=\"img\" ><\/div>\n\t\t\t\t\t\t\t\t\t\t\t<div class=\"elementor-gallery-item__overlay\"><\/div>\n\t\t\t\t\t\t\t\t\t\t\t\t\t\t<\/a>\n\t\t\t\t\t\t\t<a class=\"e-gallery-item elementor-gallery-item elementor-animated-content\" href=\"https:\/\/torredellabotonta.it\/wp-content\/uploads\/2022\/10\/Sala_Colazione-6.jpg\" data-elementor-open-lightbox=\"yes\" data-elementor-lightbox-slideshow=\"994bf47\" data-elementor-lightbox-title=\"Colazione\" data-e-action-hash=\"#elementor-action%3Aaction%3Dlightbox%26settings%3DeyJpZCI6NzU1NiwidXJsIjoiaHR0cHM6XC9cL3RvcnJlZGVsbGFib3RvbnRhLml0XC93cC1jb250ZW50XC91cGxvYWRzXC8yMDIyXC8xMFwvU2FsYV9Db2xhemlvbmUtNi5qcGciLCJzbGlkZXNob3ciOiI5OTRiZjQ3In0%3D\">\n\t\t\t\t\t<div class=\"e-gallery-image elementor-gallery-item__image\" data-thumbnail=\"https:\/\/torredellabotonta.it\/wp-content\/uploads\/2022\/10\/Sala_Colazione-6.jpg\" data-width=\"1920\" data-height=\"1278\" aria-label=\"\" role=\"img\" ><\/div>\n\t\t\t\t\t\t\t\t\t\t\t<div class=\"elementor-gallery-item__overlay\"><\/div>\n\t\t\t\t\t\t\t\t\t\t\t\t\t\t<\/a>\n\t\t\t\t\t\t\t<a class=\"e-gallery-item elementor-gallery-item elementor-animated-content\" href=\"https:\/\/torredellabotonta.it\/wp-content\/uploads\/2022\/10\/Sala_Colazione-7.jpg\" data-elementor-open-lightbox=\"yes\" data-elementor-lightbox-slideshow=\"994bf47\" data-elementor-lightbox-title=\"Colazione\" data-e-action-hash=\"#elementor-action%3Aaction%3Dlightbox%26settings%3DeyJpZCI6NzU1MywidXJsIjoiaHR0cHM6XC9cL3RvcnJlZGVsbGFib3RvbnRhLml0XC93cC1jb250ZW50XC91cGxvYWRzXC8yMDIyXC8xMFwvU2FsYV9Db2xhemlvbmUtNy5qcGciLCJzbGlkZXNob3ciOiI5OTRiZjQ3In0%3D\">\n\t\t\t\t\t<div class=\"e-gallery-image elementor-gallery-item__image\" data-thumbnail=\"https:\/\/torredellabotonta.it\/wp-content\/uploads\/2022\/10\/Sala_Colazione-7.jpg\" data-width=\"1920\" data-height=\"1278\" aria-label=\"\" role=\"img\" ><\/div>\n\t\t\t\t\t\t\t\t\t\t\t<div class=\"elementor-gallery-item__overlay\"><\/div>\n\t\t\t\t\t\t\t\t\t\t\t\t\t\t<\/a>\n\t\t\t\t\t\t\t<a class=\"e-gallery-item elementor-gallery-item elementor-animated-content\" href=\"https:\/\/torredellabotonta.it\/wp-content\/uploads\/2021\/03\/Rivellino-Botonta-30-ok-1.jpg\" data-elementor-open-lightbox=\"yes\" data-elementor-lightbox-slideshow=\"994bf47\" data-elementor-lightbox-title=\"Rivellino\" data-e-action-hash=\"#elementor-action%3Aaction%3Dlightbox%26settings%3DeyJpZCI6MjE2MCwidXJsIjoiaHR0cHM6XC9cL3RvcnJlZGVsbGFib3RvbnRhLml0XC93cC1jb250ZW50XC91cGxvYWRzXC8yMDIxXC8wM1wvUml2ZWxsaW5vLUJvdG9udGEtMzAtb2stMS5qcGciLCJzbGlkZXNob3ciOiI5OTRiZjQ3In0%3D\">\n\t\t\t\t\t<div class=\"e-gallery-image elementor-gallery-item__image\" data-thumbnail=\"https:\/\/torredellabotonta.it\/wp-content\/uploads\/2021\/03\/Rivellino-Botonta-30-ok-1.jpg\" data-width=\"500\" data-height=\"685\" aria-label=\"\" role=\"img\" ><\/div>\n\t\t\t\t\t\t\t\t\t\t\t<div class=\"elementor-gallery-item__overlay\"><\/div>\n\t\t\t\t\t\t\t\t\t\t\t\t\t\t<\/a>\n\t\t\t\t\t\t\t<a class=\"e-gallery-item elementor-gallery-item elementor-animated-content\" href=\"https:\/\/torredellabotonta.it\/wp-content\/uploads\/2022\/11\/torre_della_botonta-103.jpg\" data-elementor-open-lightbox=\"yes\" data-elementor-lightbox-slideshow=\"994bf47\" data-elementor-lightbox-title=\"Rivellino\" data-e-action-hash=\"#elementor-action%3Aaction%3Dlightbox%26settings%3DeyJpZCI6NzY0MSwidXJsIjoiaHR0cHM6XC9cL3RvcnJlZGVsbGFib3RvbnRhLml0XC93cC1jb250ZW50XC91cGxvYWRzXC8yMDIyXC8xMVwvdG9ycmVfZGVsbGFfYm90b250YS0xMDMuanBnIiwic2xpZGVzaG93IjoiOTk0YmY0NyJ9\">\n\t\t\t\t\t<div class=\"e-gallery-image elementor-gallery-item__image\" data-thumbnail=\"https:\/\/torredellabotonta.it\/wp-content\/uploads\/2022\/11\/torre_della_botonta-103.jpg\" data-width=\"1224\" data-height=\"816\" aria-label=\"\" role=\"img\" ><\/div>\n\t\t\t\t\t\t\t\t\t\t\t<div class=\"elementor-gallery-item__overlay\"><\/div>\n\t\t\t\t\t\t\t\t\t\t\t\t\t\t<\/a>\n\t\t\t\t\t\t\t<a class=\"e-gallery-item elementor-gallery-item elementor-animated-content\" href=\"https:\/\/torredellabotonta.it\/wp-content\/uploads\/2022\/11\/torre_della_botonta-85.jpg\" data-elementor-open-lightbox=\"yes\" data-elementor-lightbox-slideshow=\"994bf47\" data-elementor-lightbox-title=\"Rivellino\" data-e-action-hash=\"#elementor-action%3Aaction%3Dlightbox%26settings%3DeyJpZCI6NzY0NCwidXJsIjoiaHR0cHM6XC9cL3RvcnJlZGVsbGFib3RvbnRhLml0XC93cC1jb250ZW50XC91cGxvYWRzXC8yMDIyXC8xMVwvdG9ycmVfZGVsbGFfYm90b250YS04NS5qcGciLCJzbGlkZXNob3ciOiI5OTRiZjQ3In0%3D\">\n\t\t\t\t\t<div class=\"e-gallery-image elementor-gallery-item__image\" data-thumbnail=\"https:\/\/torredellabotonta.it\/wp-content\/uploads\/2022\/11\/torre_della_botonta-85.jpg\" data-width=\"1225\" data-height=\"815\" aria-label=\"\" role=\"img\" ><\/div>\n\t\t\t\t\t\t\t\t\t\t\t<div class=\"elementor-gallery-item__overlay\"><\/div>\n\t\t\t\t\t\t\t\t\t\t\t\t\t\t<\/a>\n\t\t\t\t\t<\/div>\n\t\t\t\t\t<\/div>\n\t\t\t\t<\/div>\n\t\t\t\t\t<\/div>\n\t\t<\/div>\n\t\t\t\t\t<\/div>\n\t\t<\/section>\n\t\t\t\t<section class=\"elementor-section elementor-top-section elementor-element elementor-element-7296324 elementor-section-boxed elementor-section-height-default elementor-section-height-default\" data-id=\"7296324\" data-element_type=\"section\" data-e-type=\"section\">\n\t\t\t\t\t\t<div class=\"elementor-container elementor-column-gap-default\">\n\t\t\t\t\t<div class=\"elementor-column elementor-col-100 elementor-top-column elementor-element elementor-element-d78bf96\" data-id=\"d78bf96\" data-element_type=\"column\" data-e-type=\"column\">\n\t\t\t<div class=\"elementor-widget-wrap elementor-element-populated\">\n\t\t\t\t\t\t<div class=\"elementor-element elementor-element-59086df elementor-widget-divider--view-line_icon elementor-view-default elementor-widget-divider--element-align-center elementor-widget elementor-widget-divider\" data-id=\"59086df\" data-element_type=\"widget\" data-e-type=\"widget\" data-widget_type=\"divider.default\">\n\t\t\t\t<div class=\"elementor-widget-container\">\n\t\t\t\t\t\t\t<div class=\"elementor-divider\">\n\t\t\t<span class=\"elementor-divider-separator\">\n\t\t\t\t\t\t\t<div class=\"elementor-icon elementor-divider__element\">\n\t\t\t\t\t<i aria-hidden=\"true\" class=\"fas fa-tree\"><\/i><\/div>\n\t\t\t\t\t\t<\/span>\n\t\t<\/div>\n\t\t\t\t\t\t<\/div>\n\t\t\t\t<\/div>\n\t\t\t\t\t<\/div>\n\t\t<\/div>\n\t\t\t\t\t<\/div>\n\t\t<\/section>\n\t\t\t\t<section class=\"elementor-section elementor-top-section elementor-element elementor-element-5a8bbfe elementor-section-full_width elementor-section-height-default elementor-section-height-default\" data-id=\"5a8bbfe\" data-element_type=\"section\" data-e-type=\"section\">\n\t\t\t\t\t\t<div class=\"elementor-container elementor-column-gap-default\">\n\t\t\t\t\t<div class=\"elementor-column elementor-col-100 elementor-top-column elementor-element elementor-element-b177ad2\" data-id=\"b177ad2\" data-element_type=\"column\" data-e-type=\"column\">\n\t\t\t<div class=\"elementor-widget-wrap elementor-element-populated\">\n\t\t\t\t\t\t<div class=\"elementor-element elementor-element-9b10f4e elementor-widget elementor-widget-heading\" data-id=\"9b10f4e\" data-element_type=\"widget\" data-e-type=\"widget\" data-widget_type=\"heading.default\">\n\t\t\t\t<div class=\"elementor-widget-container\">\n\t\t\t\t\t<h2 class=\"elementor-heading-title elementor-size-default\">Erfahren Sie, wie Sie ein einzigartiges Erlebnis im Gasthof <br>Torre della Botonta genie\u00dfen k\u00f6nnen<\/h2>\t\t\t\t<\/div>\n\t\t\t\t<\/div>\n\t\t\t\t\t<\/div>\n\t\t<\/div>\n\t\t\t\t\t<\/div>\n\t\t<\/section>\n\t\t\t\t<section class=\"elementor-section elementor-top-section elementor-element elementor-element-d47816b elementor-section-boxed elementor-section-height-default elementor-section-height-default\" data-id=\"d47816b\" data-element_type=\"section\" data-e-type=\"section\" data-settings=\"{&quot;background_background&quot;:&quot;classic&quot;}\">\n\t\t\t\t\t\t<div class=\"elementor-container elementor-column-gap-default\">\n\t\t\t\t\t<div class=\"elementor-column elementor-col-50 elementor-top-column elementor-element elementor-element-4d9d9e9\" data-id=\"4d9d9e9\" data-element_type=\"column\" data-e-type=\"column\" data-settings=\"{&quot;background_background&quot;:&quot;classic&quot;}\">\n\t\t\t<div class=\"elementor-widget-wrap elementor-element-populated\">\n\t\t\t\t\t<div class=\"elementor-background-overlay\"><\/div>\n\t\t\t\t\t\t<div class=\"elementor-element elementor-element-d088ec9 elementor-mobile-align-center elementor-widget-mobile__width-inherit elementor-tablet-align-left elementor-widget__width-auto elementor-align-center elementor-widget elementor-widget-button\" data-id=\"d088ec9\" data-element_type=\"widget\" data-e-type=\"widget\" data-widget_type=\"button.default\">\n\t\t\t\t<div class=\"elementor-widget-container\">\n\t\t\t\t\t\t\t\t\t<div class=\"elementor-button-wrapper\">\n\t\t\t\t\t<a class=\"elementor-button elementor-button-link elementor-size-sm\" href=\"https:\/\/torredellabotonta.it\/de\/esperienze\/\" target=\"_blank\">\n\t\t\t\t\t\t<span class=\"elementor-button-content-wrapper\">\n\t\t\t\t\t\t\t\t\t<span class=\"elementor-button-text\">UNSERE ERFAHRUNGEN<\/span>\n\t\t\t\t\t<\/span>\n\t\t\t\t\t<\/a>\n\t\t\t\t<\/div>\n\t\t\t\t\t\t\t\t<\/div>\n\t\t\t\t<\/div>\n\t\t\t\t\t<\/div>\n\t\t<\/div>\n\t\t\t\t<div class=\"elementor-column elementor-col-50 elementor-top-column elementor-element elementor-element-dfa51a8\" data-id=\"dfa51a8\" data-element_type=\"column\" data-e-type=\"column\" data-settings=\"{&quot;background_background&quot;:&quot;classic&quot;}\">\n\t\t\t<div class=\"elementor-widget-wrap elementor-element-populated\">\n\t\t\t\t\t<div class=\"elementor-background-overlay\"><\/div>\n\t\t\t\t\t\t<div class=\"elementor-element elementor-element-9ba3312 elementor-mobile-align-center elementor-widget-mobile__width-inherit elementor-tablet-align-left elementor-widget__width-auto elementor-align-center elementor-widget elementor-widget-button\" data-id=\"9ba3312\" data-element_type=\"widget\" data-e-type=\"widget\" data-widget_type=\"button.default\">\n\t\t\t\t<div class=\"elementor-widget-container\">\n\t\t\t\t\t\t\t\t\t<div class=\"elementor-button-wrapper\">\n\t\t\t\t\t<a class=\"elementor-button elementor-button-link elementor-size-sm\" href=\"https:\/\/torredellabotonta.it\/de\/alloggi\/\" target=\"_blank\">\n\t\t\t\t\t\t<span class=\"elementor-button-content-wrapper\">\n\t\t\t\t\t\t\t\t\t<span class=\"elementor-button-text\">UNSERE UNTERK\u00dcNFTE<\/span>\n\t\t\t\t\t<\/span>\n\t\t\t\t\t<\/a>\n\t\t\t\t<\/div>\n\t\t\t\t\t\t\t\t<\/div>\n\t\t\t\t<\/div>\n\t\t\t\t\t<\/div>\n\t\t<\/div>\n\t\t\t\t\t<\/div>\n\t\t<\/section>\n\t\t\t\t<\/div>","protected":false},"excerpt":{"rendered":"<p>Lu Cujtuiu SALA COLAZIONI La colazione NEL BORGO La colazione viene servita nel Lu Cujtuiu \u00e8 una suggestiva zona\u00a0 del borgo avvolta in un\u2019atmosfera confortevole ed intima in cui gustare una ricca e genuina colazione all\u2019italiana. Per la colazione \u00e8 servito un buffet di frutta; per chi desidera gustare i prodotti tradizionali umbri, \u00e8 possibile, [&hellip;]<\/p>","protected":false},"author":1,"featured_media":0,"parent":0,"menu_order":0,"comment_status":"closed","ping_status":"closed","template":"elementor_header_footer","meta":{"footnotes":""},"class_list":["post-1084","page","type-page","status-publish","hentry"],"_links":{"self":[{"href":"https:\/\/torredellabotonta.it\/de\/wp-json\/wp\/v2\/pages\/1084","targetHints":{"allow":["GET"]}}],"collection":[{"href":"https:\/\/torredellabotonta.it\/de\/wp-json\/wp\/v2\/pages"}],"about":[{"href":"https:\/\/torredellabotonta.it\/de\/wp-json\/wp\/v2\/types\/page"}],"author":[{"embeddable":true,"href":"https:\/\/torredellabotonta.it\/de\/wp-json\/wp\/v2\/users\/1"}],"replies":[{"embeddable":true,"href":"https:\/\/torredellabotonta.it\/de\/wp-json\/wp\/v2\/comments?post=1084"}],"version-history":[{"count":463,"href":"https:\/\/torredellabotonta.it\/de\/wp-json\/wp\/v2\/pages\/1084\/revisions"}],"predecessor-version":[{"id":9272,"href":"https:\/\/torredellabotonta.it\/de\/wp-json\/wp\/v2\/pages\/1084\/revisions\/9272"}],"wp:attachment":[{"href":"https:\/\/torredellabotonta.it\/de\/wp-json\/wp\/v2\/media?parent=1084"}],"curies":[{"name":"wp","href":"https:\/\/api.w.org\/{rel}","templated":true}]}}