{"id":3,"date":"2021-03-09T13:36:16","date_gmt":"2021-03-09T13:36:16","guid":{"rendered":"https:\/\/torradellabotonta.cambiamarketing.it\/?page_id=3"},"modified":"2025-05-29T09:08:03","modified_gmt":"2025-05-29T09:08:03","slug":"privacy-policy","status":"publish","type":"page","link":"https:\/\/torredellabotonta.it\/en\/privacy-policy\/","title":{"rendered":"Privacy Policy"},"content":{"rendered":"<h1 class=\"wp-block-heading\">Privacy &amp; Cookie policy<\/h1>\n\n\n\n<h3 class=\"wp-block-heading\">INFORMATIVA AL TRATTAMENTO DEI DATI PERSONALI<\/h3>\n\n\n\n<p>I dati personali dell\u2019utente sono utilizzati da Torre della Botonta di Spina Donato, che ne \u00e8 titolare per il trattamento, nel rispetto dei principi di protezione dei dati personali stabiliti dal Regolamento GDPR 2016\/679.<\/p>\n\n\n\n<p><strong><u>MODALIT\u00c0 E FINALIT\u00c0 DEL TRATTAMENTO DATI<\/u><\/strong><\/p>\n\n\n\n<ol class=\"wp-block-list\">\n<li>La informiamo che i dati verranno trattati con il supporto dei seguenti mezzi:\n<ul class=\"wp-block-list\">\n<li>Mista \u2013 elettronica e cartacea<\/li>\n<\/ul>\n<\/li>\n<\/ol>\n\n\n\n<p>con le seguenti finalit\u00e0:<\/p>\n\n\n\n<ul class=\"wp-block-list\">\n<li>Relazioni con il pubblico<\/li>\n<\/ul>\n\n\n\n<p><strong><u>BASE GIURIDICA<\/u><\/strong><\/p>\n\n\n\n<ol start=\"2\" class=\"wp-block-list\">\n<li>Il conferimento dei dati \u00e8 obbligatorio per tutto quanto \u00e8 richiesto dagli obblighi legali e contrattuali e pertanto l\u2019eventuale rifiuto a fornirli in tutto o in parte pu\u00f2 dar luogo all\u2019impossibilit\u00e0 di fornire i servizi richiesti.<\/li>\n<\/ol>\n\n\n\n<p>La societ\u00e0 tratta i dati facoltativi degli utenti in base al consenso, ossia mediante l\u2019approvazione esplicita della presente policy privacy e in relazione alle modalit\u00e0 e finalit\u00e0 di seguito descritte.<\/p>\n\n\n\n<p><strong><u>CATEGORIE DI DESTINATARI<\/u><\/strong><\/p>\n\n\n\n<ol start=\"3\" class=\"wp-block-list\">\n<li>Ferme restando le comunicazioni eseguite in adempimento di obblighi di legge e contrattuali, tutti i dati raccolti ed elaborati potranno essere comunicati esclusivamente per le finalit\u00e0 sopra specificate alle seguenti categorie di destinatari:\n<ul class=\"wp-block-list\">\n<li>Persone autorizzate;<\/li>\n<\/ul>\n<\/li>\n<\/ol>\n\n\n\n<p>Nella gestione dei suoi dati, inoltre, possono venire a conoscenza degli stessi le categorie di persone autorizzate e\/o responsabili interni ed esterni individuati ed ai quali sono state fornite specifiche istruzioni scritte circa il trattamento dei dati.<\/p>\n\n\n\n<p><strong><u>PERIODO DI CONSERVAZIONE<\/u><\/strong><\/p>\n\n\n\n<ol start=\"4\" class=\"wp-block-list\">\n<li>I dati obbligatori ai fini contrattuali e contabili sono conservati per il tempo necessario allo svolgimento del rapporto commerciale e contabile.<\/li>\n<\/ol>\n\n\n\n<p>I dati di chi non acquista o usufruisce di prodotti\/servizi, pur avendo avuto un precedente contatto con dei rappresentanti dell\u2019azienda, saranno immediatamente cancellati o trattati in forma anonima, ove la loro conservazione non risulti altrimenti giustificata, salvo che sia stato acquisito validamente il consenso informato degli interessati relativo ad una successiva attivit\u00e0 di promozione commerciale o ricerca di mercato.<\/p>\n\n\n\n<p>Il periodo di conservazione dei dati \u00e8: I dati saranno trattati per tutto il tempo necessario allo svolgimento del rapporto commerciale in essere e per i successivi dieci anni dalla data di cessazione dello stesso.<\/p>\n\n\n\n<p><strong><u>DIRITTI DELL\u2019INTERESSATO<\/u><\/strong><\/p>\n\n\n\n<ol start=\"5\" class=\"wp-block-list\">\n<li>Ai sensi del Regolamento europeo 679\/2016 (GDPR) e della normativa nazionale, l\u2019interessato pu\u00f2, secondo le modalit\u00e0 e nei limiti previsti dalla vigente normativa, esercitare i seguenti diritti:<\/li>\n<\/ol>\n\n\n\n<ul class=\"wp-block-list\">\n<li>richiedere la conferma dell\u2019esistenza di dati personali che lo riguardano (diritto di accesso dell\u2019interessato \u2013 art. 15 del Regolamento 679\/2016);<\/li>\n\n\n\n<li>conoscerne l\u2019origine;<\/li>\n\n\n\n<li>riceverne comunicazione intelligibile;<\/li>\n\n\n\n<li>avere informazioni circa la logica, le modalit\u00e0 e le finalit\u00e0 del trattamento;<\/li>\n\n\n\n<li>richiederne l\u2019aggiornamento, la rettifica, l\u2019integrazione, la cancellazione, la trasformazione in forma anonima, il blocco dei dati trattati in violazione di legge, ivi compresi quelli non pi\u00f9 necessari al perseguimento degli scopi per i quali sono stati raccolti (diritto di rettifica e cancellazione \u2013 artt. 16 e 17 del Regolamento 679\/2016);<\/li>\n\n\n\n<li>diritto di limitazione e\/o di opposizione al trattamento dei dati che lo riguardano (art. 18 del Regolamento 679\/2016);<\/li>\n\n\n\n<li>diritto di revoca;<\/li>\n\n\n\n<li>diritto alla portabilit\u00e0 dei dati (art. 20 del Regolamento 679\/2016);<\/li>\n\n\n\n<li>nei casi di trattamento basato su consenso, ricevere i propri dati forniti al titolare, in forma strutturata e leggibile da un elaboratore di dati e in un formato comunemente usato da un dispositivo elettronico;<\/li>\n\n\n\n<li>il diritto di presentare un reclamo all\u2019Autorit\u00e0 di controllo (diritto di accesso dell\u2019interessato \u2013 art. 15 del Regolamento 679\/2016).<\/li>\n<\/ul>\n\n\n\n<ol start=\"6\" class=\"wp-block-list\">\n<li>Titolare del trattamento dei Suoi dati personali \u00e8 Torre della Botonta di Spina Donato, p.iva 03991140546, c.f. BNLFTN74L06D653D<br>Email:torredellabotonto76@gmail.com<\/li>\n<\/ol>\n\n\n\n<p><strong>Informazioni sui Cookies<\/strong><\/p>\n\n\n\n<p><strong>Cosa sono i cookies<\/strong><br>Un \u201ccookie\u201d \u00e8 un file di testo salvato nel computer dell\u2019utente nel momento in cui questo accede ad un sito web con lo scopo di fornire informazioni ogni volta che l\u2019utente ritorna sullo stesso sito. \u00c8 una sorta di promemoria della pagina internet visitata. Con il cookie, il server web invia informazioni al browser dell\u2019utente (Internet Explorer, Mozilla Firefox, Google Chrome, ecc.) memorizzate sul computer di quest\u2019ultimo, e saranno rilette ed aggiornate ogni qual volta l\u2019utente ritorner\u00e0 sul sito. In questo modo il sito Web pu\u00f2 adattarsi automaticamente all\u2019utente. Nel corso della navigazione l\u2019utente potrebbe ricevere sul suo terminale anche cookie di siti diversi (cookies di \u201cterze parti\u201d), impostati direttamente da gestori di detti siti web e utilizzati per le finalit\u00e0 e secondo le modalit\u00e0 da questi definiti.<\/p>\n\n\n\n<p>In funzione della loro durata, si distinguono in cookie di sessione (ossia quelli temporanei e cancellati automaticamente dal terminale al termine della sessione di navigazione, chiudendo il browser) ed in cookie persistenti (ossia quelli che restano memorizzati sul terminale fino alla loro scadenza o cancellazione da parte dell\u2019utente).<\/p>\n\n\n\n<p>In base alla funzione e alla finalit\u00e0 di utilizzo, i cookie possono suddividersi in cookie tecnici e cookie di profilazione.<\/p>\n\n\n\n<p><strong>Cookie tecnici<\/strong><br>Alcuni cookie sono usati per eseguire autenticazioni informatiche, monitoraggio di sessioni e memorizzazione di informazioni specifiche sugli utenti che accedono ad una pagina web. Questi cookie, cosiddetti tecnici, sono spesso utili per consentire di navigare in un sito web e utilizzarne tutte le funzionalit\u00e0. I cookie tecnici sono quelli il cui utilizzo non richiede il consenso dell\u2019utente.<\/p>\n\n\n\n<p>A questa categoria appartengono anche gli analytics cookie. Si tratta di cookie che raccolgono informazioni circa l\u2019utilizzo che un utente fa di un sito web e che consentono di migliorarne il funzionamento. Ad esempio gli analytics cookie mostrano quali sono le pagine pi\u00f9 frequentemente visitate, consentono di verificare quali sono gli schemi ricorrenti d\u2019utilizzo di un sito web e aiutano a comprendere ogni difficolt\u00e0 che l\u2019utente incontra nell\u2019utilizzo.<\/p>\n\n\n\n<p><strong>Cookie di profilazione<\/strong><br>Altri cookie possono invece essere utilizzati per monitorare e profilare gli utenti durante la navigazione, studiare i loro movimenti e abitudini di consultazione del web o di consumo (cosa comprano, cosa leggono, ecc.), anche allo scopo di inviare pubblicit\u00e0 di servizi mirati e personalizzati. Si parla in questo caso di cookie di profilazione. L\u2019utilizzo di detti cookie necessita dell\u2019acquisizione preventiva del libero consenso informato dell\u2019utente ai sensi dell\u2019art. 7 del Regolamento UE 2016\/679.<\/p>\n\n\n\n<p><strong>Cookie di terze parti<\/strong><br>Pu\u00f2 accadere anche che una pagina web contenga cookie provenienti da altri siti e contenuti in vari elementi ospitati sulla pagina stessa, come ad esempio banner pubblicitari, immagini, video, mappe o specifici link a pagine web di altri domini che risiedono su server diversi da quello sul quale si trova la pagina richiesta. In altre parole, questi cookie sono impostati direttamente da gestori di siti web o server diversi da questo sito web. Parliamo, in questi casi, dei cosiddetti cookie terze parti, che di solito sono utilizzati a fini di profilazione. L\u2019utilizzo di questi cookie necessita dell\u2019acquisizione preventiva del libero consenso informato dell\u2019utente.<\/p>\n\n\n\n<p><strong>Tipologie di cookie utilizzati dal nostro sito<\/strong><br>Le funzioni principali dei cookies installati da torredellabotonta.com sono tecniche, vengono utilizzati per migliorare costantemente il Servizio, per l\u2019autenticazione, per fini statistici, come il conteggio delle visite al sito. L\u2019utilizzo di cookies \u00e8 dunque strettamente finalizzato a facilitare le funzioni del server di durante la navigazione del Servizio.<\/p>\n\n\n\n<p>Il sito consente inoltre l\u2019invio dei seguenti cookie di terze parti. Questi cookie non sono strumenti di nostra titolarit\u00e0, per maggiori informazioni, pertanto, \u00e8 possibile accedere all\u2019informativa ed ai moduli di acquisizione del consenso delle terze parti, cliccando sui link riportati.<\/p>\n\n\n\n<p>Per migliorare il sito web e comprendere quali parti o elementi siano maggiormente apprezzati dagli utenti, sono utilizzati come strumento di analisi anonima e aggregata, i cookie di terza parte di Google Analytics. Questi cookie non sono strumenti di nostra titolarit\u00e0, per maggiori informazioni, pertanto, \u00e8 possibile consultare l\u2019informativa fornita da&nbsp;<a href=\"http:\/\/www.google.it\/policies\/privacy\/partners\/\" target=\"_blank\" rel=\"noreferrer noopener\">Google<\/a>.<\/p>\n\n\n\n<p>Le pagine del sito web incorporano al loro interno alcuni widget e pulsanti di condivisione di Facebook e Google Plus, per permettere all\u2019utente di condividere i contenuti del sito web sui propri canali social, e di interagire con i nostri canali. Questi cookie non sono strumenti di nostra titolarit\u00e0, ma sono creati rispettivamente da Facebook e Google nel momento in cui si utilizza il rispettivo widget o pulsante di condivisione. Per saperne di pi\u00f9 visitare le seguenti pagine informative:&nbsp;<a href=\"https:\/\/www.facebook.com\/help\/cookies\/\" target=\"_blank\" rel=\"noreferrer noopener\">Facebook<\/a>&nbsp;e&nbsp;<a href=\"http:\/\/www.google.com\/intl\/it_it\/policies\/technologies\/cookies\/\" target=\"_blank\" rel=\"noreferrer noopener\">Google<\/a>.<\/p>\n\n\n\n<p>Alcune pagine web incorporano al loro interno dei contenuti video di YouTube. Visitando una pagina contenente un video, o facendo clic per visualizzare il video, potrebbero essere richiamati cookie provenienti da YouTube. Questi cookie non sono strumenti di nostra titolarit\u00e0. Per saperne di pi\u00f9 visitare la pagina informativa di&nbsp;<a href=\"http:\/\/www.google.com\/intl\/it_it\/policies\/technologies\/cookies\/\" target=\"_blank\" rel=\"noreferrer noopener\">Google<\/a>.<\/p>\n\n\n\n<p>Il sito internet potrebbe utilizzare i programmi di Facebook ADS gestito da Facebook Inc., Google Adwords e la tecnologia Google Remarketing, gestiti da Google Inc. Anche la funzione monitoraggio delle conversioni di Facebook ADS e AdWords utilizza i cookie per aiutarci a tenere traccia delle vendite e di altre conversioni.<\/p>\n\n\n\n<p><strong>Gestione dei cookie<\/strong><br>L\u2019utente pu\u00f2 gestire le proprie preferenze relative ai cookie attraverso le funzionalit\u00e0 presenti nei comuni browser che consentono di cancellare\/rimuovere i cookie (tutti o alcuni) o di cambiare le impostazioni del browser stesso in modo da bloccare l\u2019invio dei cookie o di limitarlo a siti specifici (rispetto ad altri).<\/p>\n\n\n\n<p>Pertanto \u00e8 possibile negare l\u2019utilizzo dei cookie, seguendo la procedura di disabilitazione prevista dal proprio browser.<br>Di seguito si riportano le modalit\u00e0 proposte dai principali browser:&nbsp;<a href=\"http:\/\/windows.microsoft.com\/it-it\/windows-vista\/block-or-allow-cookies\" target=\"_blank\" rel=\"noreferrer noopener\">Microsoft Windows Explorer<\/a>,&nbsp;<a href=\"https:\/\/support.mozilla.org\/it\/kb\/Attivare%20e%20disattivare%20i%20cookie?redirectlocale=en-US&amp;redirectslug=Enabling+and+disabling+cookies\" target=\"_blank\" rel=\"noreferrer noopener\">Mozilla Firefox<\/a>,&nbsp;<a href=\"https:\/\/support.google.com\/accounts\/answer\/61416?hl=it\" target=\"_blank\" rel=\"noreferrer noopener\">Google Chrome<\/a>,&nbsp;<a href=\"http:\/\/www.apple.com\/legal\/privacy\/\" target=\"_blank\" rel=\"noreferrer noopener\">Apple Safari<\/a>.<br>Per disabilitare i cookie di Google Analytics \u00e8 possibile scaricare uno specifico&nbsp;<a href=\"https:\/\/tools.google.com\/dlpage\/gaoptout\" target=\"_blank\" rel=\"noreferrer noopener\">plug-in<\/a>&nbsp;del browser.<br>Per avere informazioni sui cookie archiviati sul proprio terminale e disattivarli singolarmente si rinvia a questo&nbsp;<a href=\"http:\/\/www.youronlinechoices.com\/it\/le-tue-scelte\" target=\"_blank\" rel=\"noreferrer noopener\">link<\/a>.<\/p>\n\n\n\n<p><strong>Plugin Social Network<\/strong><br>Il sito torredellabotonta.com incorpora anche plugin e\/o comandi per i social network, al fine di consentire una facile condivisione dei contenuti sui vostri social network preferiti. Tali plugin sono programmati in modo da non impostare alcun cookie all\u2019accesso della pagina, per salvaguardare la privacy degli utenti. Eventualmente i cookie vengono impostati, se cos\u00ec previsto dai social network, solo quando l\u2019utente fa effettivo e volontario uso del plugin. Si tenga presente che se l\u2019utente naviga essendo loggato nel social network allora ha gi\u00e0 acconsentito all\u2019uso dei cookie veicolati tramite questo sito al momento dell\u2019iscrizione al social network.<br>La raccolta e l\u2019uso delle informazioni ottenute a mezzo del plugin sono regolati dalle rispettive informative privacy dei social network, alle quali si prega di fare riferimento.<\/p>\n\n\n\n<p>\u2013&nbsp;<a href=\"https:\/\/www.facebook.com\/about\/privacy\/%20target=\" target=\"_blank\" rel=\"noopener\">Facebook: informativa privacy<\/a><br>\u2013&nbsp;<a href=\"https:\/\/www.facebook.com\/help\/cookies\/%20target=\" target=\"_blank\" rel=\"noopener\">Facebook: informativa cookie<\/a><br>\u2013&nbsp;<a href=\"https:\/\/twitter.com\/privacy?lang=it%20target=\" target=\"_blank\" rel=\"noopener\">Twitter: informativa privacy<\/a><br>\u2013&nbsp;<a href=\"https:\/\/support.twitter.com\/articles\/20170519-uso-dei-cookie-e-di-altre-tecnologie-simili-da-parte-di-twitter%20target=\" target=\"_blank\" rel=\"noopener\">Twitter: informativa cookie<\/a><br>\u2013&nbsp;<a href=\"https:\/\/www.linkedin.com\/legal\/privacy-policy%20target=\" target=\"_blank\" rel=\"noopener\">LinkedIn: informativa privacy<\/a><br>\u2013&nbsp;<a href=\"https:\/\/www.linkedin.com\/legal\/cookie-policy%20target=\" target=\"_blank\" rel=\"noopener\">LinkedIn: informativa cookie<\/a><br>\u2013&nbsp;<a href=\"http:\/\/www.google.com\/intl\/it\/policies\/privacy\/%20target=\" target=\"_blank\" rel=\"noopener\">Google+: informativa privacy<\/a><br>\u2013&nbsp;<a href=\"http:\/\/www.google.it\/intl\/it\/policies\/technologies\/cookies\/%20target=\" target=\"_blank\" rel=\"noopener\">Google+: informativa cookie<\/a><\/p>\n\n\n\n<p>La presente privacy policy pu\u00f2 subire modifiche nel tempo \u2013 anche connesse all\u2019eventuale entrata in vigore di nuove normative di settore, all\u2019aggiornamento o erogazione di nuovi servizi ovvero ad intervenute innovazioni tecnologiche \u2013 per cui l\u2019utente\/visitatore \u00e8 invitato a consultare periodicamente la presente pagina<\/p>\n\n\n\n<p><\/p>","protected":false},"excerpt":{"rendered":"<p>Privacy &amp; Cookie policy INFORMATIVA AL TRATTAMENTO DEI DATI PERSONALI I dati personali dell\u2019utente sono utilizzati da Torre della Botonta di Spina Donato, che ne \u00e8 titolare per il trattamento, nel rispetto dei principi di protezione dei dati personali stabiliti dal Regolamento GDPR 2016\/679. MODALIT\u00c0 E FINALIT\u00c0 DEL TRATTAMENTO DATI con le seguenti finalit\u00e0: BASE [&hellip;]<\/p>","protected":false},"author":1,"featured_media":0,"parent":0,"menu_order":0,"comment_status":"closed","ping_status":"open","template":"","meta":{"footnotes":""},"class_list":["post-3","page","type-page","status-publish","hentry"],"_links":{"self":[{"href":"https:\/\/torredellabotonta.it\/en\/wp-json\/wp\/v2\/pages\/3","targetHints":{"allow":["GET"]}}],"collection":[{"href":"https:\/\/torredellabotonta.it\/en\/wp-json\/wp\/v2\/pages"}],"about":[{"href":"https:\/\/torredellabotonta.it\/en\/wp-json\/wp\/v2\/types\/page"}],"author":[{"embeddable":true,"href":"https:\/\/torredellabotonta.it\/en\/wp-json\/wp\/v2\/users\/1"}],"replies":[{"embeddable":true,"href":"https:\/\/torredellabotonta.it\/en\/wp-json\/wp\/v2\/comments?post=3"}],"version-history":[{"count":2,"href":"https:\/\/torredellabotonta.it\/en\/wp-json\/wp\/v2\/pages\/3\/revisions"}],"predecessor-version":[{"id":9074,"href":"https:\/\/torredellabotonta.it\/en\/wp-json\/wp\/v2\/pages\/3\/revisions\/9074"}],"wp:attachment":[{"href":"https:\/\/torredellabotonta.it\/en\/wp-json\/wp\/v2\/media?parent=3"}],"curies":[{"name":"wp","href":"https:\/\/api.w.org\/{rel}","templated":true}]}}